{"id":15,"date":"2023-03-23T11:44:46","date_gmt":"2023-03-23T11:44:46","guid":{"rendered":"https:\/\/uudet.uistelutoimikunta.fi\/?page_id=15"},"modified":"2026-04-21T12:06:20","modified_gmt":"2026-04-21T12:06:20","slug":"opm-cup","status":"publish","type":"page","link":"https:\/\/uistelutoimikunta.fi\/?page_id=15","title":{"rendered":"OPM cup"},"content":{"rendered":"\n<div class=\"wp-block-columns is-layout-flex wp-container-core-columns-is-layout-9d6595d7 wp-block-columns-is-layout-flex\">\n<div class=\"wp-block-column is-layout-flow wp-block-column-is-layout-flow\" style=\"flex-basis:66.66%\">\n<p><\/p>\n\n\n\n<p><strong>Tervetuloa OPM-cupin sivuille<\/strong><br><strong>Ilmoittautuminen 2026 kisaan alkaa 1.4<\/strong>. HUOM! Ilmoittautuminen tapahtuu jatkossa opm.datadeck.fi kautta! <\/p>\n\n\n\n<p><a href=\"http:\/\/opm.datadeck.fi\">ILMOTTAUTUMINEN 2026<\/a><\/p>\n\n\n\n<p><a href=\"https:\/\/uistelutoimikunta.fi\/wp-content\/uploads\/2026\/04\/OPM-cup-saannot-2026.pdf\">S\u00c4\u00c4NN\u00d6T 2026<\/a><\/p>\n\n\n\n<p><\/p>\n\n\n\n<p><strong>PALKINNOT 2026<\/strong><\/p>\n\n\n\n<p>OPM kautta palkinnot kolmella parhaalle! Palkinnot tarkentuvat my\u00f6hemmin!<\/p>\n\n\n\n<p><\/p>\n\n\n\n<p><strong>Yleist\u00e4<\/strong><\/p>\n\n\n\n<p>OPM cupin 2025 palkinnot jaettiin Venemessuilla Helsingiss\u00e4 7.2.2026. Palkitut 1. Teemu Selin 2. Harri Nikula 3. Jari Airikainen. \u201cVarma Ahven\u201d-kisan voitto tuli <strong>1,540 kg:n<\/strong> Ahvenella Jukka Saarelaisen -venekunnalle.&nbsp;<\/p>\n\n\n\n<p>Venemessuilla 2005 tehtiin yhteisty\u00f6sopimus SUZUKI INTERNATIONAL GMBH Suomen osaston kanssa ja uuden cupin nimeksi sovittiin SUZUKI-CUP. Kiitos Suzukille vuosista!<\/p>\n\n\n\n<p>2010 tehtiin uusi sopimus OPM kalastustarvikkeen kanssa ja vetouistelucup jatkuu nyt OPM nimell\u00e4.<\/p>\n\n\n\n<p>OPM-cupiin tulee vuodelle 2026 SM-finaali paikkoja 30 kpl. Kilpailulisenssej\u00e4 myyd\u00e4\u00e4n ilmoittautumisj\u00e4rjestyksess\u00e4 300 kpl.<br>Lisenssin hinta&nbsp;<strong>70 \u20ac<\/strong>.<\/p>\n\n\n\n<p>Ilmoittautuminen vuoden 2026 kisoihin alkaa 1.4.2026.<\/p>\n\n\n\n<p>OPM cupin osakilpailuhin tulee &#8220;t\u00e4ky&#8221;. VARMA HAUKI 2026 on kilpailu jossa etsit\u00e4\u00e4n kes\u00e4n suurin OPM cupiin osallistuvan osakilpailussa saama AHVEN.<\/p>\n\n\n\n<p><strong><a href=\"https:\/\/uistelutoimikunta.fi\/wp-content\/uploads\/2025\/05\/VARMA-AHVEN-2025-saannot.pdf\">VARMA HAUKI-s\u00e4\u00e4nn\u00f6t<\/a><\/strong><br><strong><a href=\"https:\/\/uistelutoimikunta.fi\/wp-content\/uploads\/2025\/03\/VARMA-AHVEN-2025-ilmoitus.pdf\">VARMA HAUKI-ilmoittautuminen<\/a><\/strong><\/p>\n<\/div>\n<\/div>\n\n\n\n<h2 class=\"wp-block-heading\">OPM cup 2026<\/h2>\n\n\n\n<p>Pisteiden seuranta ja kipparilista l\u00f6ytyy jatkossa osoitteesta <a href=\"https:\/\/opm.datadeck.fi\/opm\/\"><strong>opm.datadeck.fi<\/strong><\/a>. T\u00e4t\u00e4 kautta voitte seurata tuloksia jatkossa!<\/p>\n\n\n\n<p><\/p>\n\n\n\n<p><strong>AJANKOHTAISTA!<\/strong><\/p>\n\n\n\n<p><\/p>\n\n\n\n<p><strong><a href=\"https:\/\/uistelutoimikunta.fi\/wp-content\/uploads\/2025\/07\/opmcup2025kilpailut.pdf\">2025 OPM Kilpailut<\/a><\/strong><\/p>\n\n\n\n<h2 class=\"wp-block-heading\"><a href=\"https:\/\/uistelutoimikunta.fi\/wp-content\/uploads\/2025\/10\/OPMpisteseuranta2025.pdf\">OPM PISTESEURANTA 2025<\/a><\/h2>\n\n\n\n<p><\/p>\n\n\n\n<p><a href=\"https:\/\/uudet.uistelutoimikunta.fi\/?page_id=115\" data-type=\"page\" data-id=\"115\">OPM Cup Pistelaskuri<\/a><\/p>\n\n\n\n<p><\/p>\n\n\n\n<p><strong>2024<\/strong><\/p>\n\n\n\n<p><a href=\"https:\/\/uistelutoimikunta.fi\/wp-content\/uploads\/2025\/08\/OPM-pisteseuranta2024.pdf\">2024 opm cup lopputulokset<\/a><\/p>\n\n\n\n<div class=\"wp-block-group\"><div class=\"wp-block-group__inner-container is-layout-constrained wp-block-group-is-layout-constrained\">\n<p><strong><a href=\"https:\/\/uistelutoimikunta.fi\/wp-content\/uploads\/2024\/04\/Opmcup2024kilpailut.pdf\">2024 OPM Kilpailut<\/a><\/strong><\/p>\n\n\n\n<p><\/p>\n\n\n\n<p><a href=\"https:\/\/uudet.uistelutoimikunta.fi\/wp-content\/uploads\/2024\/02\/2025-paika-120.pdf\">2024 ja 2025 cuppien kiinti\u00f6t<\/a><\/p>\n\n\n\n<p><a href=\"https:\/\/uudet.uistelutoimikunta.fi\/wp-content\/uploads\/2024\/02\/OPM-pisteseuranta2023FIN.pdf\">2023 OPM lopputulokset<\/a><\/p>\n<\/div><\/div>\n\n\n\n<p> <div class=\"wp-block-column\" style=\"flex-basis:33.33%\"><strong> Historia<\/strong><\/div><\/p>\n\n\n\n<div class=\"wp-block-column\" style=\"flex-basis:33.33%\"><h2 class=\"wp-block-heading has-medium-font-size\"><\/h2>   <\/div>\n\n\n\n<p><div class=\"wp-block-column\" style=\"flex-basis:33.33%\"><figure class=\"wp-block-table\"><table><tbody><tr><td>-17.10.2022<\/td><td><a href=\"http:\/\/www.uistelutoimikunta.fi\/OPM_cup\/pdf\/OPM-pisteseuranta-2022.pdf\" target=\"_blank\" rel=\"noreferrer noopener\">OPM cup lopputulokset 2022<\/a><\/td><\/tr><tr><td>-17.10.2022<\/td><td><a href=\"http:\/\/www.uistelutoimikunta.fi\/OPM_cup\/pdf\/Mista-SM-kisoihin2023.pdf\" target=\"_blank\" rel=\"noreferrer noopener\">Mist\u00e4 SM-kisoihin<\/a><\/td><\/tr><tr><td>-2.12.2021<\/td><td><a href=\"http:\/\/www.uistelutoimikunta.fi\/OPM_cup\/pdf\/Paikkamaarat-2022-ja-2023.pdf\" target=\"_blank\" rel=\"noreferrer noopener\">Cupien kiinti\u00f6t 2022 ja 2023<\/a><\/td><\/tr><tr><td>-2.12.2021\u00a0<\/td><td><a href=\"http:\/\/www.uistelutoimikunta.fi\/OPM_cup\/pdf\/Kaikki-SM-kisoihin-2022.pdf\" target=\"_blank\" rel=\"noreferrer noopener\">Kaikki SM-kisoihin 2022 Paltamoon valitut\u00a0<\/a><\/td><\/tr><tr><td>-21.10.2021<\/td><td><a href=\"http:\/\/www.uistelutoimikunta.fi\/OPM_cup\/pdf\/OPM-pisteseuranta-2021.pdf\" target=\"_blank\" rel=\"noreferrer noopener\">OPM cup lopputulokset 2021<\/a><\/td><\/tr><tr><td>-21.10.2021<\/td><td><a href=\"http:\/\/www.uistelutoimikunta.fi\/OPM_cup\/pdf\/OPM_cupista_SM-kisoihin_2021.pdf\" target=\"_blank\" rel=\"noreferrer noopener\">OPM cupista SM-kisoihin 2021 p\u00e4\u00e4sseet<\/a><\/td><\/tr><tr><td>-24.10.2019<\/td><td><a href=\"http:\/\/www.uistelutoimikunta.fi\/OPM_cup\/pdf\/OPM-pisteseuranta-2019.pdf\" target=\"_blank\" rel=\"noreferrer noopener\">OPM cup lopputulokset 2019<\/a><\/td><\/tr><tr><td>-24.10.2019<\/td><td><strong><a href=\"http:\/\/www.uistelutoimikunta.fi\/OPM_cup\/pdf\/OPM_cupista_SM-kisoihin_2019.pdf\" target=\"_blank\" rel=\"noreferrer noopener\">OPM cupista SM-kisoihin 2019 p\u00e4\u00e4sseet<\/a><\/strong><\/td><\/tr><tr><td>-13.12.2018<\/td><td><a href=\"http:\/\/www.uistelutoimikunta.fi\/OPM_cup\/pdf\/OPM-pisteseuranta-2018.pdf\" target=\"_blank\" rel=\"noreferrer noopener\">OPM cup lopputulokset 2018<\/a><\/td><\/tr><tr><td>-11.07.2018<\/td><td><a href=\"http:\/\/www.uistelutoimikunta.fi\/OPM_cup\/pdf\/Mista-SM-kisoihin.pdf\">OPM cupista SM-kisoihin 2018 p\u00e4\u00e4sseet<\/a><\/td><\/tr><tr><td><strong>-26.10.2017<\/strong><\/td><td><a href=\"http:\/\/www.uistelutoimikunta.fi\/OPM_cup\/pdf\/OPM-pisteseuranta-2017.pdf\" target=\"_blank\" rel=\"noreferrer noopener\">OPM cup lopputulokset 2017<\/a><\/td><\/tr><tr><td>-02.11.2016<\/td><td><a href=\"http:\/\/www.uistelutoimikunta.fi\/OPM_cup\/pdf\/OPM-pisteseuranta-2016.pdf\" target=\"_blank\" rel=\"noreferrer noopener\">OPM cup lopputulokset 2016<\/a><\/td><\/tr><tr><td>-02.11.2016<\/td><td><a href=\"http:\/\/www.uistelutoimikunta.fi\/OPM_cup\/pdf\/OPM_cupista_SM-kisoihin_2017_2.pdf\">OPM CUPISTA SM-kisoihin 2017<\/a><\/td><\/tr><tr><td>-02.11.2016<\/td><td><a href=\"http:\/\/www.uistelutoimikunta.fi\/OPM_cup\/pdf\/SM-kisoihin-2018.pdf\" target=\"_blank\" rel=\"noreferrer noopener\">SM-2018 paikkam\u00e4\u00e4r\u00e4t cupeille<\/a><\/td><\/tr><tr><td>-7.9.2016<\/td><td><a href=\"http:\/\/www.uistelutoimikunta.fi\/OPM_cup\/pdf\/SM-kisoihin-2017.pdf\" target=\"_blank\" rel=\"noreferrer noopener\">SM-Paikat cupeittain 2017<\/a><\/td><\/tr><tr><td><strong>-28.10.2015<\/strong><\/td><td><a href=\"http:\/\/www.uistelutoimikunta.fi\/OPM_cup\/pdf\/OPM-pisteseuranta-2015.pdf\" target=\"_blank\" rel=\"noreferrer noopener\">OPM cup lopputulokset 201<\/a>5<\/td><\/tr><tr><td>-28.10.2015<\/td><td><a href=\"http:\/\/www.uistelutoimikunta.fi\/OPM_cup\/pdf\/OPM_cupista_SM-kisoihin_2016.pdf\" target=\"_blank\" rel=\"noreferrer noopener\">OPM CUPISTA SM-kisoihin 2016<\/a><\/td><\/tr><tr><td>-14.11.2013<\/td><td><a href=\"http:\/\/www.uistelutoimikunta.fi\/OPM_cup\/pdf\/SM-kisoihin.pdf\" target=\"_blank\" rel=\"noreferrer noopener\">SM-Paikat 2014<\/a><\/td><\/tr><tr><td><strong>-28.10.2011<\/strong><\/td><td><strong><a href=\"http:\/\/www.uistelutoimikunta.fi\/OPM_cup\/OPM_cup_smvetoon2012.htm\">Cupista SM-Vetoon 2012<\/a><\/strong><\/td><\/tr><tr><td><strong>-20.10.2010<\/strong><\/td><td><strong><a href=\"http:\/\/www.uistelutoimikunta.fi\/OPM_cup\/opm_omasta_cupista_SM2011.htm\" target=\"_blank\" rel=\"noreferrer noopener\">SM-2011 JO VARMAT<\/a><a href=\"http:\/\/www.uistelutoimikunta.fi\/OPM_cup\/opm_omasta_cupista_SM2011.htm\" target=\"_blank\" rel=\"noreferrer noopener\">OMISTA CUPEISTA!<\/a>\u00a0\u00a0<\/strong><\/td><\/tr><tr><td><strong>&#8211; 5.1.2010<\/strong><\/td><td><strong><a href=\"http:\/\/www.uistelutoimikunta.fi\/OPM_cup\/Suzuki-cup_smvetoon2010.htm\">Cupista SM-vetoon 2010<\/a><\/strong><\/td><\/tr><tr><td><strong>&#8211; 1.12.2009<\/strong><\/td><td><strong><a href=\"http:\/\/www.uistelutoimikunta.fi\/OPM_cup\/SM-Paikat_cupeittain_2011.htm\">SM-Paikat cupeittain 2011<\/a><\/strong><\/td><\/tr><tr><td><strong>&#8211; 1.1.2011<\/strong><\/td><td><strong><a href=\"http:\/\/www.uistelutoimikunta.fi\/OPM_cup\/OPM-cup_2011_pistelaskuri.htm\" target=\"_blank\" rel=\"noreferrer noopener\">OPM cupin pistelaskuri<\/a><\/strong><\/td><\/tr><\/tbody><\/table><\/figure> <\/div> <\/p>\n\n\n\n<p><\/p>\n","protected":false},"excerpt":{"rendered":"<p>Tervetuloa OPM-cupin sivuilleIlmoittautuminen 2026 kisaan alkaa 1.4. HUOM! Ilmoittautuminen tapahtuu jatkossa opm.datadeck.fi kautta! ILMOTTAUTUMINEN 2026 S\u00c4\u00c4NN\u00d6T 2026 PALKINNOT 2026 OPM kautta palkinnot kolmella parhaalle! Palkinnot tarkentuvat my\u00f6hemmin! Yleist\u00e4 OPM cupin &#8230;<\/p>\n","protected":false},"author":1,"featured_media":0,"parent":0,"menu_order":0,"comment_status":"closed","ping_status":"closed","template":"","meta":{"footnotes":""},"class_list":["post-15","page","type-page","status-publish","hentry"],"_links":{"self":[{"href":"https:\/\/uistelutoimikunta.fi\/index.php?rest_route=\/wp\/v2\/pages\/15","targetHints":{"allow":["GET"]}}],"collection":[{"href":"https:\/\/uistelutoimikunta.fi\/index.php?rest_route=\/wp\/v2\/pages"}],"about":[{"href":"https:\/\/uistelutoimikunta.fi\/index.php?rest_route=\/wp\/v2\/types\/page"}],"author":[{"embeddable":true,"href":"https:\/\/uistelutoimikunta.fi\/index.php?rest_route=\/wp\/v2\/users\/1"}],"replies":[{"embeddable":true,"href":"https:\/\/uistelutoimikunta.fi\/index.php?rest_route=%2Fwp%2Fv2%2Fcomments&post=15"}],"version-history":[{"count":93,"href":"https:\/\/uistelutoimikunta.fi\/index.php?rest_route=\/wp\/v2\/pages\/15\/revisions"}],"predecessor-version":[{"id":412,"href":"https:\/\/uistelutoimikunta.fi\/index.php?rest_route=\/wp\/v2\/pages\/15\/revisions\/412"}],"wp:attachment":[{"href":"https:\/\/uistelutoimikunta.fi\/index.php?rest_route=%2Fwp%2Fv2%2Fmedia&parent=15"}],"curies":[{"name":"wp","href":"https:\/\/api.w.org\/{rel}","templated":true}]}}